{"id":178,"date":"2024-10-25T14:44:31","date_gmt":"2024-10-25T12:44:31","guid":{"rendered":"http:\/\/185.189.50.186\/?page_id=178"},"modified":"2025-04-11T07:25:00","modified_gmt":"2025-04-11T05:25:00","slug":"startsida","status":"publish","type":"page","link":"https:\/\/kunskapsverkstan.se\/","title":{"rendered":"Startsida"},"content":{"rendered":"\n<video class=\"background-video\" poster=\"https:\/\/kunskapsverkstan.se\/wp-content\/uploads\/2024\/10\/bgimage.jpg\" autoplay=\"autoplay\" loop=\"loop\" muted=\"\" width=\"300\" height=\"150\">\n<source src=\"https:\/\/kunskapsverkstan.se\/wp-content\/uploads\/2024\/10\/bgvideo.mp4\" \/>\n<source src=\"https:\/\/kunskapsverkstan.se\/wp-content\/uploads\/2024\/10\/bgvideo.webm\" \/>\n<\/video>\n\n\n\n<div class=\"background-video-content\"><center>\n<!--<div class=\"outer\">\n<div class=\"top\">Allt inom IT, webbutveckling och programmering<\/div>\nH\u00e4r kan ni se exempel p\u00e5 projekt som \u00e4r under utveckling\n<\/div><br><br>-->\n\n\n\n<div class=\"wp-block-columns is-layout-flex wp-container-core-columns-is-layout-9d6595d7 wp-block-columns-is-layout-flex\">\n<div class=\"wp-block-column is-layout-flow wp-block-column-is-layout-flow\" style=\"flex-basis:386px\">\n<a href=\"https:\/\/kunskapsverkstan.se\/?page_id=507\"><img loading=\"lazy\" decoding=\"async\" class=\"imgchoic\" src=\"wp-content\/uploads\/2025\/04\/frisyr.png\" alt=\"Alternativ3\" width=\"233\" height=\"336\" \/><\/a><br><center><a href=\"https:\/\/kunskapsverkstan.se\/?page_id=507\" class=\"stchoice\"><h2>H\u00e5rfrisyrer<\/h2><\/a><\/center>\n<\/div>\n\n\n\n<div class=\"wp-block-column is-layout-flow wp-block-column-is-layout-flow\" style=\"flex-basis:194px\">\n<!--<a href=\"http:\/\/dekalio.se\"><img loading=\"lazy\" decoding=\"async\" class=\"imgchoic\" src=\"wp-content\/uploads\/2024\/10\/option1.png\" alt=\"Alternativ1\" width=\"384\" height=\"336\" \/><\/a><br><center><a href=\"http:\/\/dekalio.se\" class=\"stchoice\"><h2>Dekalio<\/h2><\/a><\/center>-->\n<\/div>\n\n\n\n<div class=\"wp-block-column is-layout-flow wp-block-column-is-layout-flow\" style=\"flex-basis:235px\">\n<!--<a href=\"http:\/\/kampaz.se\"><img loading=\"lazy\" decoding=\"async\" class=\"imgchoic\" src=\"wp-content\/uploads\/2024\/10\/option2.png\" alt=\"Alternativ2\" width=\"192\" height=\"336\" \/><\/a><br><center><a href=\"http:\/\/kampaz.se\" class=\"stchoice\"><h2>Kampaz<\/h2><\/a><\/center>-->\n<\/div>\n<\/div>\n\n\n\n<p><\/p>\n","protected":false},"excerpt":{"rendered":"<p>H\u00e5rfrisyrer<\/p>\n","protected":false},"author":1,"featured_media":0,"parent":0,"menu_order":0,"comment_status":"closed","ping_status":"closed","template":"","meta":{"footnotes":""},"class_list":["post-178","page","type-page","status-publish"],"_links":{"self":[{"href":"https:\/\/kunskapsverkstan.se\/index.php?rest_route=\/wp\/v2\/pages\/178","targetHints":{"allow":["GET"]}}],"collection":[{"href":"https:\/\/kunskapsverkstan.se\/index.php?rest_route=\/wp\/v2\/pages"}],"about":[{"href":"https:\/\/kunskapsverkstan.se\/index.php?rest_route=\/wp\/v2\/types\/page"}],"author":[{"embeddable":true,"href":"https:\/\/kunskapsverkstan.se\/index.php?rest_route=\/wp\/v2\/users\/1"}],"replies":[{"embeddable":true,"href":"https:\/\/kunskapsverkstan.se\/index.php?rest_route=%2Fwp%2Fv2%2Fcomments&post=178"}],"version-history":[{"count":77,"href":"https:\/\/kunskapsverkstan.se\/index.php?rest_route=\/wp\/v2\/pages\/178\/revisions"}],"predecessor-version":[{"id":580,"href":"https:\/\/kunskapsverkstan.se\/index.php?rest_route=\/wp\/v2\/pages\/178\/revisions\/580"}],"wp:attachment":[{"href":"https:\/\/kunskapsverkstan.se\/index.php?rest_route=%2Fwp%2Fv2%2Fmedia&parent=178"}],"curies":[{"name":"wp","href":"https:\/\/api.w.org\/{rel}","templated":true}]}}